{"id":10413,"date":"2020-11-20T20:53:01","date_gmt":"2020-11-20T20:53:01","guid":{"rendered":"https:\/\/wrs-energie.de\/conditions-generales-de-vente\/"},"modified":"2025-02-26T15:49:58","modified_gmt":"2025-02-26T15:49:58","slug":"conditions-generales-de-vente","status":"publish","type":"page","link":"https:\/\/wrs-energie.de\/fr\/conditions-generales-de-vente\/","title":{"rendered":"CONDITIONS G\u00c9N\u00c9RALES DE VENTE"},"content":{"rendered":"<div class=\"fusion-fullwidth fullwidth-box fusion-builder-row-1 fusion-flex-container nonhundred-percent-fullwidth non-hundred-percent-height-scrolling\" style=\"--awb-border-radius-top-left:0px;--awb-border-radius-top-right:0px;--awb-border-radius-bottom-right:0px;--awb-border-radius-bottom-left:0px;--awb-padding-right:15%;--awb-padding-left:15%;--awb-flex-wrap:wrap;\" ><div class=\"fusion-builder-row fusion-row fusion-flex-align-items-flex-start fusion-flex-content-wrap\" style=\"max-width:1310.4px;margin-left: calc(-4% \/ 2 );margin-right: calc(-4% \/ 2 );\"><div class=\"fusion-layout-column fusion_builder_column fusion-builder-column-0 fusion_builder_column_1_1 1_1 fusion-flex-column\" style=\"--awb-bg-size:cover;--awb-width-large:100%;--awb-margin-top-large:0px;--awb-spacing-right-large:1.92%;--awb-margin-bottom-large:20px;--awb-spacing-left-large:1.92%;--awb-width-medium:100%;--awb-order-medium:0;--awb-spacing-right-medium:1.92%;--awb-spacing-left-medium:1.92%;--awb-width-small:100%;--awb-order-small:0;--awb-spacing-right-small:1.92%;--awb-spacing-left-small:1.92%;\"><div class=\"fusion-column-wrapper fusion-column-has-shadow fusion-flex-justify-content-flex-start fusion-content-layout-column\"><div class=\"fusion-separator fusion-full-width-sep\" style=\"align-self: center;margin-left: auto;margin-right: auto;margin-top:70px;width:100%;\"><\/div><div class=\"fusion-title title fusion-title-1 fusion-sep-none fusion-title-text fusion-title-size-one\" style=\"--awb-font-size:45px;\"><h1 class=\"fusion-title-heading title-heading-left fusion-responsive-typography-calculated\" style=\"margin:0;font-size:1em;--fontSize:45;line-height:1.12;\">Conditions g\u00e9n\u00e9rales de vente<\/h1><\/div><div class=\"fusion-separator fusion-full-width-sep\" style=\"align-self: center;margin-left: auto;margin-right: auto;margin-top:15px;width:100%;\"><div class=\"fusion-separator-border sep-single\" style=\"--awb-height:20px;--awb-amount:20px;border-color:#e8eaf0;border-top-width:1px;\"><\/div><\/div><div class=\"fusion-text fusion-text-1\"><p>N&rsquo;h\u00e9sitez pas \u00e0 nous demander les conditions g\u00e9n\u00e9rales de vente.<\/p>\n<\/div><\/div><\/div><\/div><\/div>\n","protected":false},"excerpt":{"rendered":"","protected":false},"author":1,"featured_media":0,"parent":0,"menu_order":9,"comment_status":"closed","ping_status":"closed","template":"","meta":{"footnotes":""},"class_list":["post-10413","page","type-page","status-publish","hentry"],"jetpack_sharing_enabled":true,"_links":{"self":[{"href":"https:\/\/wrs-energie.de\/fr\/wp-json\/wp\/v2\/pages\/10413","targetHints":{"allow":["GET"]}}],"collection":[{"href":"https:\/\/wrs-energie.de\/fr\/wp-json\/wp\/v2\/pages"}],"about":[{"href":"https:\/\/wrs-energie.de\/fr\/wp-json\/wp\/v2\/types\/page"}],"author":[{"embeddable":true,"href":"https:\/\/wrs-energie.de\/fr\/wp-json\/wp\/v2\/users\/1"}],"replies":[{"embeddable":true,"href":"https:\/\/wrs-energie.de\/fr\/wp-json\/wp\/v2\/comments?post=10413"}],"version-history":[{"count":2,"href":"https:\/\/wrs-energie.de\/fr\/wp-json\/wp\/v2\/pages\/10413\/revisions"}],"predecessor-version":[{"id":10415,"href":"https:\/\/wrs-energie.de\/fr\/wp-json\/wp\/v2\/pages\/10413\/revisions\/10415"}],"wp:attachment":[{"href":"https:\/\/wrs-energie.de\/fr\/wp-json\/wp\/v2\/media?parent=10413"}],"curies":[{"name":"wp","href":"https:\/\/api.w.org\/{rel}","templated":true}]}}