{"id":10341,"date":"2024-04-17T09:37:53","date_gmt":"2024-04-17T09:37:53","guid":{"rendered":"https:\/\/wrs-energie.de\/certificat-air-comprime-et-gestion-des-fuites\/"},"modified":"2025-02-26T12:24:11","modified_gmt":"2025-02-26T12:24:11","slug":"certificat-air-comprime-et-gestion-des-fuites","status":"publish","type":"page","link":"https:\/\/wrs-energie.de\/fr\/certificat-air-comprime-et-gestion-des-fuites\/","title":{"rendered":"Certificat Air comprim\u00e9 et gestion des fuites"},"content":{"rendered":"<p><div class=\"fusion-fullwidth fullwidth-box fusion-builder-row-1 fusion-flex-container has-pattern-background has-mask-background nonhundred-percent-fullwidth non-hundred-percent-height-scrolling\" style=\"--awb-border-radius-top-left:0px;--awb-border-radius-top-right:0px;--awb-border-radius-bottom-right:0px;--awb-border-radius-bottom-left:0px;--awb-flex-wrap:wrap;\" ><div class=\"fusion-builder-row fusion-row fusion-flex-align-items-flex-start fusion-flex-content-wrap\" style=\"max-width:1310.4px;margin-left: calc(-4% \/ 2 );margin-right: calc(-4% \/ 2 );\"><div class=\"fusion-layout-column fusion_builder_column fusion-builder-column-0 fusion_builder_column_1_1 1_1 fusion-flex-column\" style=\"--awb-bg-size:cover;--awb-width-large:100%;--awb-margin-top-large:0px;--awb-spacing-right-large:1.92%;--awb-margin-bottom-large:20px;--awb-spacing-left-large:1.92%;--awb-width-medium:100%;--awb-order-medium:0;--awb-spacing-right-medium:1.92%;--awb-spacing-left-medium:1.92%;--awb-width-small:100%;--awb-order-small:0;--awb-spacing-right-small:1.92%;--awb-spacing-left-small:1.92%;\"><div class=\"fusion-column-wrapper fusion-column-has-shadow fusion-flex-justify-content-flex-start fusion-content-layout-column\"><div class=\"fusion-text fusion-text-1\" style=\"--awb-font-size:20px;--awb-line-height:1.4;--awb-text-color:#277265;\"><p><strong>CERTIFICAT<\/strong><\/p>\n<\/div><div class=\"fusion-title title fusion-title-1 fusion-sep-none fusion-title-text fusion-title-size-one\"><h1 class=\"fusion-title-heading title-heading-left fusion-responsive-typography-calculated\" style=\"margin:0;--fontSize:48;line-height:1.12;\">Certificat Air comprim\u00e9 et gestion des fuites<\/h1><\/div><div class=\"fusion-text fusion-text-2\" style=\"--awb-font-size:18px;--awb-line-height:1.5;\"><p>Une gestion de l&rsquo;air comprim\u00e9 et des fuites aide votre entreprise \u00e0 optimiser au maximum son installation d&rsquo;air comprim\u00e9. Avec l&rsquo;introduction de notre AnalyzAir\u00ae, vous recevez un label de contr\u00f4le avec certificat pour une gestion de l&rsquo;air comprim\u00e9 et des fuites. Vous pouvez utiliser ce certificat pour la communication interne et externe. Vous montrez de mani\u00e8re impressionnante que vous \u00eates un employeur responsable.<\/p>\n<\/div><div class=\"fusion-separator fusion-full-width-sep\" style=\"align-self: center;margin-left: auto;margin-right: auto;margin-top:5%;width:100%;\"><\/div><\/div><\/div><\/div><\/div><div class=\"fusion-fullwidth fullwidth-box fusion-builder-row-2 fusion-flex-container has-pattern-background has-mask-background nonhundred-percent-fullwidth non-hundred-percent-height-scrolling\" style=\"--awb-border-radius-top-left:0px;--awb-border-radius-top-right:0px;--awb-border-radius-bottom-right:0px;--awb-border-radius-bottom-left:0px;--awb-flex-wrap:wrap;\" ><div class=\"fusion-builder-row fusion-row fusion-flex-align-items-flex-start fusion-flex-content-wrap\" style=\"max-width:1310.4px;margin-left: calc(-4% \/ 2 );margin-right: calc(-4% \/ 2 );\"><div class=\"fusion-layout-column fusion_builder_column fusion-builder-column-1 fusion_builder_column_2_3 2_3 fusion-flex-column\" style=\"--awb-bg-size:cover;--awb-width-large:66.666666666667%;--awb-margin-top-large:0px;--awb-spacing-right-large:2.88%;--awb-margin-bottom-large:20px;--awb-spacing-left-large:2.88%;--awb-width-medium:100%;--awb-order-medium:0;--awb-spacing-right-medium:1.92%;--awb-spacing-left-medium:1.92%;--awb-width-small:100%;--awb-order-small:0;--awb-spacing-right-small:1.92%;--awb-spacing-left-small:1.92%;\"><div class=\"fusion-column-wrapper fusion-column-has-shadow fusion-flex-justify-content-flex-start fusion-content-layout-column\"><div class=\"fusion-title title fusion-title-2 fusion-sep-none fusion-title-text fusion-title-size-three\"><h3 class=\"fusion-title-heading title-heading-left fusion-responsive-typography-calculated\" style=\"margin:0;--fontSize:32;line-height:1.3;\">Cachet de contr\u00f4le avec certificat<\/h3><\/div><div class=\"fusion-text fusion-text-3\" style=\"--awb-line-height:1.5;\"><p>Les entreprises disposant d&rsquo;une gestion de l&rsquo;air comprim\u00e9 et des fuites montrent qu&rsquo;elles se pr\u00e9occupent activement de la pr\u00e9cieuse ressource \u00e9nerg\u00e9tique qu&rsquo;est l&rsquo;air comprim\u00e9. Avec le label de contr\u00f4le et le certificat de la WRS, vous pouvez montrer cet engagement \u00e0 l&rsquo;ext\u00e9rieur. Vous recevez un label de contr\u00f4le pour l&rsquo;en-t\u00eate et la signature. En outre, vous recevrez deux certificats encadr\u00e9s pour le bureau et la r\u00e9ception.<\/p>\n<\/div><\/div><\/div><div class=\"fusion-layout-column fusion_builder_column fusion-builder-column-2 fusion_builder_column_1_3 1_3 fusion-flex-column\" style=\"--awb-bg-size:cover;--awb-width-large:33.333333333333%;--awb-margin-top-large:0px;--awb-spacing-right-large:5.76%;--awb-margin-bottom-large:20px;--awb-spacing-left-large:5.76%;--awb-width-medium:100%;--awb-order-medium:0;--awb-spacing-right-medium:1.92%;--awb-spacing-left-medium:1.92%;--awb-width-small:100%;--awb-order-small:0;--awb-spacing-right-small:1.92%;--awb-spacing-left-small:1.92%;\"><div class=\"fusion-column-wrapper fusion-column-has-shadow fusion-flex-justify-content-flex-start fusion-content-layout-column\"><div class=\"fusion-image-element \" style=\"--awb-max-width:50%;--awb-caption-title-font-family:var(--h2_typography-font-family);--awb-caption-title-font-weight:var(--h2_typography-font-weight);--awb-caption-title-font-style:var(--h2_typography-font-style);--awb-caption-title-size:var(--h2_typography-font-size);--awb-caption-title-transform:var(--h2_typography-text-transform);--awb-caption-title-line-height:var(--h2_typography-line-height);--awb-caption-title-letter-spacing:var(--h2_typography-letter-spacing);\"><span class=\" fusion-imageframe imageframe-none imageframe-1 hover-type-none\"><img decoding=\"async\" width=\"1469\" height=\"1234\" alt=\"Certificat Air comprim\u00e9 et gestion des fuites\" title=\"Pr\u00fcfsiegel Druckluft und Leckagemanagement\" src=\"https:\/\/wrs-energie.de\/wp-content\/uploads\/Pruefsiegel-Druckluft-und-Leckagemanagement.webp\" class=\"img-responsive wp-image-10342\" srcset=\"https:\/\/wrs-energie.de\/wp-content\/uploads\/Pruefsiegel-Druckluft-und-Leckagemanagement-200x168.webp 200w, https:\/\/wrs-energie.de\/wp-content\/uploads\/Pruefsiegel-Druckluft-und-Leckagemanagement-300x252.webp 300w, https:\/\/wrs-energie.de\/wp-content\/uploads\/Pruefsiegel-Druckluft-und-Leckagemanagement-400x336.webp 400w, https:\/\/wrs-energie.de\/wp-content\/uploads\/Pruefsiegel-Druckluft-und-Leckagemanagement-600x504.webp 600w, https:\/\/wrs-energie.de\/wp-content\/uploads\/Pruefsiegel-Druckluft-und-Leckagemanagement-768x645.webp 768w, https:\/\/wrs-energie.de\/wp-content\/uploads\/Pruefsiegel-Druckluft-und-Leckagemanagement-800x672.webp 800w, https:\/\/wrs-energie.de\/wp-content\/uploads\/Pruefsiegel-Druckluft-und-Leckagemanagement-1024x860.webp 1024w, https:\/\/wrs-energie.de\/wp-content\/uploads\/Pruefsiegel-Druckluft-und-Leckagemanagement-1200x1008.webp 1200w, https:\/\/wrs-energie.de\/wp-content\/uploads\/Pruefsiegel-Druckluft-und-Leckagemanagement.webp 1469w\" sizes=\"(max-width: 1024px) 100vw, (max-width: 640px) 100vw, 400px\" \/><\/span><\/div><div class=\"fusion-separator fusion-full-width-sep\" style=\"align-self: center;margin-left: auto;margin-right: auto;margin-top:3%;width:100%;\"><\/div><div class=\"fusion-text fusion-text-4\" style=\"--awb-font-size:11px;--awb-line-height:1;\"><p>Image: Sceau de contr\u00f4le pour la gestion de l&rsquo;air comprim\u00e9 et des fuites<\/p>\n<\/div><\/div><\/div><div class=\"fusion-layout-column fusion_builder_column fusion-builder-column-3 fusion_builder_column_1_1 1_1 fusion-flex-column\" style=\"--awb-bg-size:cover;--awb-width-large:100%;--awb-margin-top-large:0px;--awb-spacing-right-large:1.92%;--awb-margin-bottom-large:20px;--awb-spacing-left-large:1.92%;--awb-width-medium:100%;--awb-order-medium:0;--awb-spacing-right-medium:1.92%;--awb-spacing-left-medium:1.92%;--awb-width-small:100%;--awb-order-small:0;--awb-spacing-right-small:1.92%;--awb-spacing-left-small:1.92%;\"><div class=\"fusion-column-wrapper fusion-column-has-shadow fusion-flex-justify-content-flex-start fusion-content-layout-column\"><div class=\"fusion-image-element \" style=\"--awb-max-width:30%;--awb-caption-title-font-family:var(--h2_typography-font-family);--awb-caption-title-font-weight:var(--h2_typography-font-weight);--awb-caption-title-font-style:var(--h2_typography-font-style);--awb-caption-title-size:var(--h2_typography-font-size);--awb-caption-title-transform:var(--h2_typography-text-transform);--awb-caption-title-line-height:var(--h2_typography-line-height);--awb-caption-title-letter-spacing:var(--h2_typography-letter-spacing);\"><span class=\" fusion-imageframe imageframe-none imageframe-2 hover-type-none\"><img decoding=\"async\" width=\"620\" height=\"861\" title=\"Urkunde-Druckluft-und-Leckagemanagement\" src=\"https:\/\/wrs-energie.de\/wp-content\/uploads\/Urkunde-Druckluft-und-Leckagemanagement.webp\" class=\"img-responsive wp-image-8737\" srcset=\"https:\/\/wrs-energie.de\/wp-content\/uploads\/Urkunde-Druckluft-und-Leckagemanagement-200x278.webp 200w, https:\/\/wrs-energie.de\/wp-content\/uploads\/Urkunde-Druckluft-und-Leckagemanagement-216x300.webp 216w, https:\/\/wrs-energie.de\/wp-content\/uploads\/Urkunde-Druckluft-und-Leckagemanagement-400x555.webp 400w, https:\/\/wrs-energie.de\/wp-content\/uploads\/Urkunde-Druckluft-und-Leckagemanagement-600x833.webp 600w, https:\/\/wrs-energie.de\/wp-content\/uploads\/Urkunde-Druckluft-und-Leckagemanagement.webp 620w\" sizes=\"(max-width: 1024px) 100vw, (max-width: 640px) 100vw, 620px\" alt=\"\"><\/span><\/div><div class=\"fusion-separator fusion-full-width-sep\" style=\"align-self: center;margin-left: auto;margin-right: auto;margin-top:1%;width:100%;\"><\/div><div class=\"fusion-text fusion-text-5\" style=\"--awb-font-size:11px;--awb-line-height:1;\"><p>Image: Certificat de gestion de l&rsquo;air comprim\u00e9 et des fuites<\/p>\n<\/div><\/div><\/div><div class=\"fusion-layout-column fusion_builder_column fusion-builder-column-4 fusion_builder_column_1_1 1_1 fusion-flex-column\" style=\"--awb-bg-size:cover;--awb-width-large:100%;--awb-margin-top-large:0px;--awb-spacing-right-large:1.92%;--awb-margin-bottom-large:20px;--awb-spacing-left-large:1.92%;--awb-width-medium:100%;--awb-order-medium:0;--awb-spacing-right-medium:1.92%;--awb-spacing-left-medium:1.92%;--awb-width-small:100%;--awb-order-small:0;--awb-spacing-right-small:1.92%;--awb-spacing-left-small:1.92%;\"><div class=\"fusion-column-wrapper fusion-column-has-shadow fusion-flex-justify-content-flex-start fusion-content-layout-column\"><div class=\"fusion-separator fusion-full-width-sep\" style=\"align-self: center;margin-left: auto;margin-right: auto;margin-top:5%;width:100%;\"><\/div><div class=\"fusion-title title fusion-title-3 fusion-sep-none fusion-title-text fusion-title-size-three\"><h3 class=\"fusion-title-heading title-heading-left fusion-responsive-typography-calculated\" style=\"margin:0;--fontSize:32;line-height:1.3;\">Vos avantages<\/h3><\/div><div class=\"fusion-text fusion-text-6\"><ul>\n<li>Communication interne avec les collaborateurs<\/li>\n<li>Communication externe avec les clients et les fournisseurs<\/li>\n<li>Externe Kommunikation mit Kunden und Lieferanten<\/li>\n<li>Souligner le r\u00f4le de pionnier dans le domaine de l&rsquo;optimisation de l&rsquo;air comprim\u00e9<\/li>\n<li>Utilisable pour l&rsquo;en-t\u00eate de lettre, la signature et le pied de page<\/li>\n<\/ul>\n<\/div><\/div><\/div><\/div><\/div><div class=\"fusion-fullwidth fullwidth-box fusion-builder-row-3 fusion-flex-container has-pattern-background has-mask-background nonhundred-percent-fullwidth non-hundred-percent-height-scrolling\" style=\"--awb-border-radius-top-left:0px;--awb-border-radius-top-right:0px;--awb-border-radius-bottom-right:0px;--awb-border-radius-bottom-left:0px;--awb-flex-wrap:wrap;\" ><div class=\"fusion-builder-row fusion-row fusion-flex-align-items-flex-start fusion-flex-content-wrap\" style=\"max-width:1310.4px;margin-left: calc(-4% \/ 2 );margin-right: calc(-4% \/ 2 );\"><div class=\"fusion-layout-column fusion_builder_column fusion-builder-column-5 fusion_builder_column_1_1 1_1 fusion-flex-column\" style=\"--awb-bg-size:cover;--awb-width-large:100%;--awb-margin-top-large:0px;--awb-spacing-right-large:1.92%;--awb-margin-bottom-large:20px;--awb-spacing-left-large:1.92%;--awb-width-medium:100%;--awb-order-medium:0;--awb-spacing-right-medium:1.92%;--awb-spacing-left-medium:1.92%;--awb-width-small:100%;--awb-order-small:0;--awb-spacing-right-small:1.92%;--awb-spacing-left-small:1.92%;\"><div class=\"fusion-column-wrapper fusion-column-has-shadow fusion-flex-justify-content-flex-start fusion-content-layout-column\"><div class=\"fusion-separator fusion-full-width-sep\" style=\"align-self: center;margin-left: auto;margin-right: auto;margin-top:5%;width:100%;\"><\/div>\u00a0\r\n\r\n<style>\r\n    .toggle-container {<br \/>\r\n        margin-bottom: 20px; \/* Abstand zwischen den Toggles *\/<br \/>\r\n        border-bottom: 1px solid #ccc; \/* Trennlinie unter jedem Toggle *\/<br \/>\r\n        padding-bottom: 20px; \/* Abstand zwischen den Toggles und der Trennlinie *\/<br \/>\r\n    }<\/p>\r\n<p>    .toggle-button {<br \/>\r\n        background-color: transparent;<br \/>\r\n        border: none;<br \/>\r\n        font-family: 'Roboto', sans-serif;<br \/>\r\n        font-weight: 500;<br \/>\r\n        font-size: 28px;<br \/>\r\n        text-align: left;<br \/>\r\n        cursor: pointer;<br \/>\r\n        position: relative; \/* Position relativ f\u00fcr die Trennlinie *\/<br \/>\r\n        text-decoration: none; \/* Textunterstreichung entfernen *\/<br \/>\r\n    }<\/p>\r\n<p>    .toggle-button::after {<br \/>\r\n        content: '';<br \/>\r\n        position: absolute;<br \/>\r\n        bottom: -1px; \/* Positionierung der Trennlinie *\/<br \/>\r\n        left: 0;<br \/>\r\n        width: 100%; \/* Volle Breite der Trennlinie *\/<br \/>\r\n        height: 0px;<br \/>\r\n        background-color: #ccc; \/* Farbe der Trennlinie *\/<br \/>\r\n    }<\/p>\r\n<p>    .toggle-button.active::after {<br \/>\r\n        display: none; \/* Die Trennlinie ausblenden, wenn der Toggle aktiv ist *\/<br \/>\r\n    }<\/p>\r\n<p>    .toggle-content {<br \/>\r\n        display: none;<br \/>\r\n        padding-top: 10px;<br \/>\r\n    }<\/p>\r\n<p>    .toggle-content ul {<br \/>\r\n        list-style-type: disc;<br \/>\r\n        font-size: 16px;<br \/>\r\n    }<br \/>\r\n<\/style>\r\n\r\n\u00a0\r\n<div class=\"toggle-container\"><button class=\"toggle-button\">\r\n<span style=\"margin-right: 10px;\">+<\/span>\r\nQuand est-ce que je re\u00e7ois mon certificat ?\r\n<\/button>\r\n<div class=\"toggle-content\">\r\n<ul>\r\n \t<li style=\"list-style-type: none;\">\r\n<ul>Une fois l'AnalyzAir\u00ae mis en service, vous recevez imm\u00e9diatement votre certificat.<\/ul>\r\n<\/li>\r\n<\/ul>\r\n<\/div>\r\n<\/div>\r\n<div class=\"toggle-container\"><button class=\"toggle-button\">\r\n<span style=\"margin-right: 10px;\">+<\/span>\r\nEst-ce que je re\u00e7ois le certificat sous forme num\u00e9rique ?\r\n<\/button>\r\n<div class=\"toggle-content\">\r\n<ul>\r\n \t<li style=\"list-style-type: none;\">\r\n<ul>Vous recevrez par la poste deux certificats encadr\u00e9s. Le sceau de contr\u00f4le vous sera envoy\u00e9 sous forme num\u00e9rique avec le certificat par votre interlocuteur.<\/ul>\r\n<\/li>\r\n<\/ul>\r\n<\/div>\r\n<\/div>\r\n<div class=\"toggle-container\"><button class=\"toggle-button\">\r\n<span style=\"margin-right: 10px;\">+<\/span>\r\nDans quel but puis-je utiliser le certificat ?\r\n<\/button>\r\n<div class=\"toggle-content\">\r\n<ul>\r\n \t<li style=\"list-style-type: none;\">\r\n<ul>Vous pouvez utiliser votre certificat pour toutes les communications internes et externes.<\/ul>\r\n<\/li>\r\n<\/ul>\r\n<\/div>\r\n<\/div>\r\n<script src=\"https:\/\/ajax.googleapis.com\/ajax\/libs\/jquery\/3.5.1\/jquery.min.js\"><\/script>\r\n<script>\r\n$(document).ready(function() {\r\n    $('.toggle-button').click(function() {\r\n        var $content = $(this).siblings('.toggle-content');\r\n        $content.slideToggle(400);\r\n        $(this).toggleClass('active');\r\n    });\r\n});\r\n<\/script>\r\n\r\n\u00a0<div class=\"fusion-separator fusion-full-width-sep\" style=\"align-self: center;margin-left: auto;margin-right: auto;margin-top:5%;width:100%;\"><\/div><\/div><\/div><\/div><\/div><\/p>\n","protected":false},"excerpt":{"rendered":"","protected":false},"author":1,"featured_media":0,"parent":0,"menu_order":0,"comment_status":"closed","ping_status":"closed","template":"","meta":{"footnotes":""},"class_list":["post-10341","page","type-page","status-publish","hentry"],"jetpack_sharing_enabled":true,"_links":{"self":[{"href":"https:\/\/wrs-energie.de\/fr\/wp-json\/wp\/v2\/pages\/10341","targetHints":{"allow":["GET"]}}],"collection":[{"href":"https:\/\/wrs-energie.de\/fr\/wp-json\/wp\/v2\/pages"}],"about":[{"href":"https:\/\/wrs-energie.de\/fr\/wp-json\/wp\/v2\/types\/page"}],"author":[{"embeddable":true,"href":"https:\/\/wrs-energie.de\/fr\/wp-json\/wp\/v2\/users\/1"}],"replies":[{"embeddable":true,"href":"https:\/\/wrs-energie.de\/fr\/wp-json\/wp\/v2\/comments?post=10341"}],"version-history":[{"count":3,"href":"https:\/\/wrs-energie.de\/fr\/wp-json\/wp\/v2\/pages\/10341\/revisions"}],"predecessor-version":[{"id":10345,"href":"https:\/\/wrs-energie.de\/fr\/wp-json\/wp\/v2\/pages\/10341\/revisions\/10345"}],"wp:attachment":[{"href":"https:\/\/wrs-energie.de\/fr\/wp-json\/wp\/v2\/media?parent=10341"}],"curies":[{"name":"wp","href":"https:\/\/api.w.org\/{rel}","templated":true}]}}