{"id":9942,"date":"2024-04-17T09:37:53","date_gmt":"2024-04-17T09:37:53","guid":{"rendered":"https:\/\/wrs-energie.de\/certificado-de-gestion-de-aire-comprimido-y-fugas\/"},"modified":"2024-09-17T12:11:40","modified_gmt":"2024-09-17T12:11:40","slug":"certificado-de-gestion-de-aire-comprimido-y-fugas","status":"publish","type":"page","link":"https:\/\/wrs-energie.de\/es\/certificado-de-gestion-de-aire-comprimido-y-fugas\/","title":{"rendered":"Certificado de gesti\u00f3n de aire comprimido y fugas"},"content":{"rendered":"<p><div class=\"fusion-fullwidth fullwidth-box fusion-builder-row-1 fusion-flex-container has-pattern-background has-mask-background nonhundred-percent-fullwidth non-hundred-percent-height-scrolling\" style=\"--awb-border-radius-top-left:0px;--awb-border-radius-top-right:0px;--awb-border-radius-bottom-right:0px;--awb-border-radius-bottom-left:0px;--awb-flex-wrap:wrap;\" ><div class=\"fusion-builder-row fusion-row fusion-flex-align-items-flex-start fusion-flex-content-wrap\" style=\"max-width:1310.4px;margin-left: calc(-4% \/ 2 );margin-right: calc(-4% \/ 2 );\"><div class=\"fusion-layout-column fusion_builder_column fusion-builder-column-0 fusion_builder_column_1_1 1_1 fusion-flex-column\" style=\"--awb-bg-size:cover;--awb-width-large:100%;--awb-margin-top-large:0px;--awb-spacing-right-large:1.92%;--awb-margin-bottom-large:20px;--awb-spacing-left-large:1.92%;--awb-width-medium:100%;--awb-order-medium:0;--awb-spacing-right-medium:1.92%;--awb-spacing-left-medium:1.92%;--awb-width-small:100%;--awb-order-small:0;--awb-spacing-right-small:1.92%;--awb-spacing-left-small:1.92%;\"><div class=\"fusion-column-wrapper fusion-column-has-shadow fusion-flex-justify-content-flex-start fusion-content-layout-column\"><div class=\"fusion-text fusion-text-1\" style=\"--awb-font-size:20px;--awb-line-height:1.4;--awb-text-color:#277265;\"><p><strong>CERTIFICADO<\/strong><\/p>\n<\/div><div class=\"fusion-title title fusion-title-1 fusion-sep-none fusion-title-text fusion-title-size-one\"><h1 class=\"fusion-title-heading title-heading-left fusion-responsive-typography-calculated\" style=\"margin:0;--fontSize:48;line-height:1.12;\">Certificado de gesti\u00f3n de aire comprimido y fugas<\/h1><\/div><div class=\"fusion-text fusion-text-2\" style=\"--awb-font-size:18px;--awb-line-height:1.5;\"><p>La gesti\u00f3n de aire comprimido y fugas ayuda a su empresa a optimizar al m\u00e1ximo su sistema de aire comprimido. Con la introducci\u00f3n de nuestro AnalyzAir\u00ae, recibir\u00e1 un sello de aprobaci\u00f3n con un certificado de gesti\u00f3n de aire comprimido y fugas. Puede utilizar el certificado para la comunicaci\u00f3n interna y externa. Demostrar\u00e1 de forma impresionante que es un empresario responsable.<\/p>\n<\/div><div class=\"fusion-separator fusion-full-width-sep\" style=\"align-self: center;margin-left: auto;margin-right: auto;margin-top:5%;width:100%;\"><\/div><\/div><\/div><\/div><\/div><div class=\"fusion-fullwidth fullwidth-box fusion-builder-row-2 fusion-flex-container has-pattern-background has-mask-background nonhundred-percent-fullwidth non-hundred-percent-height-scrolling\" style=\"--awb-border-radius-top-left:0px;--awb-border-radius-top-right:0px;--awb-border-radius-bottom-right:0px;--awb-border-radius-bottom-left:0px;--awb-flex-wrap:wrap;\" ><div class=\"fusion-builder-row fusion-row fusion-flex-align-items-flex-start fusion-flex-content-wrap\" style=\"max-width:1310.4px;margin-left: calc(-4% \/ 2 );margin-right: calc(-4% \/ 2 );\"><div class=\"fusion-layout-column fusion_builder_column fusion-builder-column-1 fusion_builder_column_2_3 2_3 fusion-flex-column\" style=\"--awb-bg-size:cover;--awb-width-large:66.666666666667%;--awb-margin-top-large:0px;--awb-spacing-right-large:2.88%;--awb-margin-bottom-large:20px;--awb-spacing-left-large:2.88%;--awb-width-medium:100%;--awb-order-medium:0;--awb-spacing-right-medium:1.92%;--awb-spacing-left-medium:1.92%;--awb-width-small:100%;--awb-order-small:0;--awb-spacing-right-small:1.92%;--awb-spacing-left-small:1.92%;\"><div class=\"fusion-column-wrapper fusion-column-has-shadow fusion-flex-justify-content-flex-start fusion-content-layout-column\"><div class=\"fusion-title title fusion-title-2 fusion-sep-none fusion-title-text fusion-title-size-three\"><h3 class=\"fusion-title-heading title-heading-left fusion-responsive-typography-calculated\" style=\"margin:0;--fontSize:32;line-height:1.3;\">Precinto de prueba con certificado<\/h3><\/div><div class=\"fusion-text fusion-text-3\" style=\"--awb-line-height:1.5;\"><p>Las empresas que cuentan con un sistema de gesti\u00f3n de aire comprimido y fugas demuestran que cuidan activamente el preciado recurso energ\u00e9tico del aire comprimido. Con el sello de aprobaci\u00f3n y el certificado WRS, puede demostrar este compromiso al mundo exterior. Recibir\u00e1 un sello de aprobaci\u00f3n para su membrete y firma. Tambi\u00e9n recibir\u00e1 dos certificados enmarcados para la oficina y la recepci\u00f3n.<\/p>\n<\/div><\/div><\/div><div class=\"fusion-layout-column fusion_builder_column fusion-builder-column-2 fusion_builder_column_1_3 1_3 fusion-flex-column\" style=\"--awb-bg-size:cover;--awb-width-large:33.333333333333%;--awb-margin-top-large:0px;--awb-spacing-right-large:5.76%;--awb-margin-bottom-large:20px;--awb-spacing-left-large:5.76%;--awb-width-medium:100%;--awb-order-medium:0;--awb-spacing-right-medium:1.92%;--awb-spacing-left-medium:1.92%;--awb-width-small:100%;--awb-order-small:0;--awb-spacing-right-small:1.92%;--awb-spacing-left-small:1.92%;\"><div class=\"fusion-column-wrapper fusion-column-has-shadow fusion-flex-justify-content-flex-start fusion-content-layout-column\"><div class=\"fusion-image-element \" style=\"--awb-max-width:50%;--awb-caption-title-font-family:var(--h2_typography-font-family);--awb-caption-title-font-weight:var(--h2_typography-font-weight);--awb-caption-title-font-style:var(--h2_typography-font-style);--awb-caption-title-size:var(--h2_typography-font-size);--awb-caption-title-transform:var(--h2_typography-text-transform);--awb-caption-title-line-height:var(--h2_typography-line-height);--awb-caption-title-letter-spacing:var(--h2_typography-letter-spacing);\"><span class=\" fusion-imageframe imageframe-none imageframe-1 hover-type-none\"><img decoding=\"async\" width=\"1469\" height=\"1234\" alt=\"Certificado de gesti\u00f3n de aire comprimido y fugas\" title=\"Pr\u00fcfsiegel Druckluft und Leckagemanagement\" src=\"https:\/\/wrs-energie.de\/wp-content\/uploads\/Pruefsiegel-Druckluft-und-Leckagemanagement.webp\" class=\"img-responsive wp-image-9943\" srcset=\"https:\/\/wrs-energie.de\/wp-content\/uploads\/Pruefsiegel-Druckluft-und-Leckagemanagement-200x168.webp 200w, https:\/\/wrs-energie.de\/wp-content\/uploads\/Pruefsiegel-Druckluft-und-Leckagemanagement-300x252.webp 300w, https:\/\/wrs-energie.de\/wp-content\/uploads\/Pruefsiegel-Druckluft-und-Leckagemanagement-400x336.webp 400w, https:\/\/wrs-energie.de\/wp-content\/uploads\/Pruefsiegel-Druckluft-und-Leckagemanagement-600x504.webp 600w, https:\/\/wrs-energie.de\/wp-content\/uploads\/Pruefsiegel-Druckluft-und-Leckagemanagement-768x645.webp 768w, https:\/\/wrs-energie.de\/wp-content\/uploads\/Pruefsiegel-Druckluft-und-Leckagemanagement-800x672.webp 800w, https:\/\/wrs-energie.de\/wp-content\/uploads\/Pruefsiegel-Druckluft-und-Leckagemanagement-1024x860.webp 1024w, https:\/\/wrs-energie.de\/wp-content\/uploads\/Pruefsiegel-Druckluft-und-Leckagemanagement-1200x1008.webp 1200w, https:\/\/wrs-energie.de\/wp-content\/uploads\/Pruefsiegel-Druckluft-und-Leckagemanagement.webp 1469w\" sizes=\"(max-width: 1024px) 100vw, (max-width: 640px) 100vw, 400px\" \/><\/span><\/div><div class=\"fusion-separator fusion-full-width-sep\" style=\"align-self: center;margin-left: auto;margin-right: auto;margin-top:3%;width:100%;\"><\/div><div class=\"fusion-text fusion-text-4\" style=\"--awb-font-size:11px;--awb-line-height:1;\"><p>Imagen: Sello de aprobaci\u00f3n para aire comprimido y gesti\u00f3n de fugas<\/p>\n<\/div><\/div><\/div><div class=\"fusion-layout-column fusion_builder_column fusion-builder-column-3 fusion_builder_column_1_1 1_1 fusion-flex-column\" style=\"--awb-bg-size:cover;--awb-width-large:100%;--awb-margin-top-large:0px;--awb-spacing-right-large:1.92%;--awb-margin-bottom-large:20px;--awb-spacing-left-large:1.92%;--awb-width-medium:100%;--awb-order-medium:0;--awb-spacing-right-medium:1.92%;--awb-spacing-left-medium:1.92%;--awb-width-small:100%;--awb-order-small:0;--awb-spacing-right-small:1.92%;--awb-spacing-left-small:1.92%;\"><div class=\"fusion-column-wrapper fusion-column-has-shadow fusion-flex-justify-content-flex-start fusion-content-layout-column\"><div class=\"fusion-image-element \" style=\"--awb-max-width:30%;--awb-caption-title-font-family:var(--h2_typography-font-family);--awb-caption-title-font-weight:var(--h2_typography-font-weight);--awb-caption-title-font-style:var(--h2_typography-font-style);--awb-caption-title-size:var(--h2_typography-font-size);--awb-caption-title-transform:var(--h2_typography-text-transform);--awb-caption-title-line-height:var(--h2_typography-line-height);--awb-caption-title-letter-spacing:var(--h2_typography-letter-spacing);\"><span class=\" fusion-imageframe imageframe-none imageframe-2 hover-type-none\"><img decoding=\"async\" width=\"620\" height=\"861\" title=\"Urkunde-Druckluft-und-Leckagemanagement\" src=\"https:\/\/wrs-energie.de\/wp-content\/uploads\/Urkunde-Druckluft-und-Leckagemanagement.webp\" class=\"img-responsive wp-image-8737\" srcset=\"https:\/\/wrs-energie.de\/wp-content\/uploads\/Urkunde-Druckluft-und-Leckagemanagement-200x278.webp 200w, https:\/\/wrs-energie.de\/wp-content\/uploads\/Urkunde-Druckluft-und-Leckagemanagement-216x300.webp 216w, https:\/\/wrs-energie.de\/wp-content\/uploads\/Urkunde-Druckluft-und-Leckagemanagement-400x555.webp 400w, https:\/\/wrs-energie.de\/wp-content\/uploads\/Urkunde-Druckluft-und-Leckagemanagement-600x833.webp 600w, https:\/\/wrs-energie.de\/wp-content\/uploads\/Urkunde-Druckluft-und-Leckagemanagement.webp 620w\" sizes=\"(max-width: 1024px) 100vw, (max-width: 640px) 100vw, 620px\" alt=\"\"><\/span><\/div><div class=\"fusion-separator fusion-full-width-sep\" style=\"align-self: center;margin-left: auto;margin-right: auto;margin-top:1%;width:100%;\"><\/div><div class=\"fusion-text fusion-text-5\" style=\"--awb-font-size:11px;--awb-line-height:1;\"><p>Imagen: Certificado de aire comprimido y gesti\u00f3n de fugas<\/p>\n<\/div><\/div><\/div><div class=\"fusion-layout-column fusion_builder_column fusion-builder-column-4 fusion_builder_column_1_1 1_1 fusion-flex-column\" style=\"--awb-bg-size:cover;--awb-width-large:100%;--awb-margin-top-large:0px;--awb-spacing-right-large:1.92%;--awb-margin-bottom-large:20px;--awb-spacing-left-large:1.92%;--awb-width-medium:100%;--awb-order-medium:0;--awb-spacing-right-medium:1.92%;--awb-spacing-left-medium:1.92%;--awb-width-small:100%;--awb-order-small:0;--awb-spacing-right-small:1.92%;--awb-spacing-left-small:1.92%;\"><div class=\"fusion-column-wrapper fusion-column-has-shadow fusion-flex-justify-content-flex-start fusion-content-layout-column\"><div class=\"fusion-separator fusion-full-width-sep\" style=\"align-self: center;margin-left: auto;margin-right: auto;margin-top:5%;width:100%;\"><\/div><div class=\"fusion-title title fusion-title-3 fusion-sep-none fusion-title-text fusion-title-size-three\"><h3 class=\"fusion-title-heading title-heading-left fusion-responsive-typography-calculated\" style=\"margin:0;--fontSize:32;line-height:1.3;\">Sus ventajas<\/h3><\/div><div class=\"fusion-text fusion-text-6\"><ul>\n<li>Comunicaci\u00f3n interna con los empleados<\/li>\n<li>Comunicaci\u00f3n externa con clientes y proveedores<\/li>\n<li>Presentar un sentido de la responsabilidad al mundo exterior<\/li>\n<li>Subrayando nuestro papel pionero en el campo de la optimizaci\u00f3n del aire comprimido<\/li>\n<li>Puede utilizarse para el membrete, la firma y el pie de p\u00e1gina<\/li>\n<\/ul>\n<\/div><\/div><\/div><\/div><\/div><div class=\"fusion-fullwidth fullwidth-box fusion-builder-row-3 fusion-flex-container has-pattern-background has-mask-background nonhundred-percent-fullwidth non-hundred-percent-height-scrolling\" style=\"--awb-border-radius-top-left:0px;--awb-border-radius-top-right:0px;--awb-border-radius-bottom-right:0px;--awb-border-radius-bottom-left:0px;--awb-flex-wrap:wrap;\" ><div class=\"fusion-builder-row fusion-row fusion-flex-align-items-flex-start fusion-flex-content-wrap\" style=\"max-width:1310.4px;margin-left: calc(-4% \/ 2 );margin-right: calc(-4% \/ 2 );\"><div class=\"fusion-layout-column fusion_builder_column fusion-builder-column-5 fusion_builder_column_1_1 1_1 fusion-flex-column\" style=\"--awb-bg-size:cover;--awb-width-large:100%;--awb-margin-top-large:0px;--awb-spacing-right-large:1.92%;--awb-margin-bottom-large:20px;--awb-spacing-left-large:1.92%;--awb-width-medium:100%;--awb-order-medium:0;--awb-spacing-right-medium:1.92%;--awb-spacing-left-medium:1.92%;--awb-width-small:100%;--awb-order-small:0;--awb-spacing-right-small:1.92%;--awb-spacing-left-small:1.92%;\"><div class=\"fusion-column-wrapper fusion-column-has-shadow fusion-flex-justify-content-flex-start fusion-content-layout-column\"><div class=\"fusion-separator fusion-full-width-sep\" style=\"align-self: center;margin-left: auto;margin-right: auto;margin-top:5%;width:100%;\"><\/div>\u00a0\r\n\r\n<style>\r\n    .toggle-container {<br \/>\r\n        margin-bottom: 20px; \/* Abstand zwischen den Toggles *\/<br \/>\r\n        border-bottom: 1px solid #ccc; \/* Trennlinie unter jedem Toggle *\/<br \/>\r\n        padding-bottom: 20px; \/* Abstand zwischen den Toggles und der Trennlinie *\/<br \/>\r\n    }<\/p>\r\n<p>    .toggle-button {<br \/>\r\n        background-color: transparent;<br \/>\r\n        border: none;<br \/>\r\n        font-family: 'Roboto', sans-serif;<br \/>\r\n        font-weight: 500;<br \/>\r\n        font-size: 28px;<br \/>\r\n        text-align: left;<br \/>\r\n        cursor: pointer;<br \/>\r\n        position: relative; \/* Position relativ f\u00fcr die Trennlinie *\/<br \/>\r\n        text-decoration: none; \/* Textunterstreichung entfernen *\/<br \/>\r\n    }<\/p>\r\n<p>    .toggle-button::after {<br \/>\r\n        content: '';<br \/>\r\n        position: absolute;<br \/>\r\n        bottom: -1px; \/* Positionierung der Trennlinie *\/<br \/>\r\n        left: 0;<br \/>\r\n        width: 100%; \/* Volle Breite der Trennlinie *\/<br \/>\r\n        height: 0px;<br \/>\r\n        background-color: #ccc; \/* Farbe der Trennlinie *\/<br \/>\r\n    }<\/p>\r\n<p>    .toggle-button.active::after {<br \/>\r\n        display: none; \/* Die Trennlinie ausblenden, wenn der Toggle aktiv ist *\/<br \/>\r\n    }<\/p>\r\n<p>    .toggle-content {<br \/>\r\n        display: none;<br \/>\r\n        padding-top: 10px;<br \/>\r\n    }<\/p>\r\n<p>    .toggle-content ul {<br \/>\r\n        list-style-type: disc;<br \/>\r\n        font-size: 16px;<br \/>\r\n    }<br \/>\r\n<\/style>\r\n\r\n\u00a0\r\n<div class=\"toggle-container\"><button class=\"toggle-button\">\r\n<span style=\"margin-right: 10px;\">+<\/span>\r\n\u00bfCu\u00e1ndo recibir\u00e9 mi certificado?\r\n<\/button>\r\n<div class=\"toggle-content\">\r\n<ul>\r\n \t<li style=\"list-style-type: none;\">\r\n<ul>Una vez puesto en funcionamiento el AnalyzAir\u00ae, recibir\u00e1 inmediatamente su certificado.<\/ul>\r\n<\/li>\r\n<\/ul>\r\n<\/div>\r\n<\/div>\r\n<div class=\"toggle-container\"><button class=\"toggle-button\">\r\n<span style=\"margin-right: 10px;\">+<\/span>\r\n\u00bfRecibir\u00e9 el certificado en formato digital?\r\n<\/button>\r\n<div class=\"toggle-content\">\r\n<ul>\r\n \t<li style=\"list-style-type: none;\">\r\n<ul>Recibir\u00e1 por correo postal dos certificados enmarcados. Su persona de contacto le enviar\u00e1 el sello del examen en formato digital junto con el certificado.<\/ul>\r\n<\/li>\r\n<\/ul>\r\n<\/div>\r\n<\/div>\r\n<div class=\"toggle-container\"><button class=\"toggle-button\">\r\n<span style=\"margin-right: 10px;\">+<\/span>\r\n\u00bfPara qu\u00e9 puedo utilizar el certificado?\r\n<\/button>\r\n<div class=\"toggle-content\">\r\n<ul>\r\n \t<li style=\"list-style-type: none;\">\r\n<ul>Puede utilizar su certificado para todos los canales de comunicaci\u00f3n internos y externos.<\/ul>\r\n<\/li>\r\n<\/ul>\r\n<\/div>\r\n<\/div>\r\n<script src=\"https:\/\/ajax.googleapis.com\/ajax\/libs\/jquery\/3.5.1\/jquery.min.js\"><\/script>\r\n<script>\r\n$(document).ready(function() {\r\n    $('.toggle-button').click(function() {\r\n        var $content = $(this).siblings('.toggle-content');\r\n        $content.slideToggle(400);\r\n        $(this).toggleClass('active');\r\n    });\r\n});\r\n<\/script>\r\n\r\n\u00a0<div class=\"fusion-separator fusion-full-width-sep\" style=\"align-self: center;margin-left: auto;margin-right: auto;margin-top:5%;width:100%;\"><\/div><\/div><\/div><\/div><\/div><\/p>\n","protected":false},"excerpt":{"rendered":"","protected":false},"author":1,"featured_media":0,"parent":0,"menu_order":0,"comment_status":"closed","ping_status":"closed","template":"","meta":{"footnotes":""},"class_list":["post-9942","page","type-page","status-publish","hentry"],"jetpack_sharing_enabled":true,"_links":{"self":[{"href":"https:\/\/wrs-energie.de\/es\/wp-json\/wp\/v2\/pages\/9942","targetHints":{"allow":["GET"]}}],"collection":[{"href":"https:\/\/wrs-energie.de\/es\/wp-json\/wp\/v2\/pages"}],"about":[{"href":"https:\/\/wrs-energie.de\/es\/wp-json\/wp\/v2\/types\/page"}],"author":[{"embeddable":true,"href":"https:\/\/wrs-energie.de\/es\/wp-json\/wp\/v2\/users\/1"}],"replies":[{"embeddable":true,"href":"https:\/\/wrs-energie.de\/es\/wp-json\/wp\/v2\/comments?post=9942"}],"version-history":[{"count":3,"href":"https:\/\/wrs-energie.de\/es\/wp-json\/wp\/v2\/pages\/9942\/revisions"}],"predecessor-version":[{"id":9946,"href":"https:\/\/wrs-energie.de\/es\/wp-json\/wp\/v2\/pages\/9942\/revisions\/9946"}],"wp:attachment":[{"href":"https:\/\/wrs-energie.de\/es\/wp-json\/wp\/v2\/media?parent=9942"}],"curies":[{"name":"wp","href":"https:\/\/api.w.org\/{rel}","templated":true}]}}